{"id":434,"date":"2024-03-18T18:22:26","date_gmt":"2024-03-18T17:22:26","guid":{"rendered":"https:\/\/esemanresa.com\/home\/"},"modified":"2024-10-21T17:58:15","modified_gmt":"2024-10-21T15:58:15","slug":"home","status":"publish","type":"page","link":"https:\/\/esemanresa.com\/es\/","title":{"rendered":"Home"},"content":{"rendered":"<div id=\"div_block-2-34\" class=\"ct-div-block\" ><section id=\"section-3-34\" class=\" ct-section h-full\" style=\"background-image:linear-gradient(rgba(0,0,0,0.8), rgba(0,0,0,0.8)), url(https:\/\/esemanresa.com\/wp-content\/uploads\/2024\/03\/INSTAL.LACIO-2.jpeg);background-size:auto,  cover;\" ><div class=\"ct-section-inner-wrap\"><div id=\"div_block-4-34\" class=\"ct-div-block mx-auto w-5by6 my-auto md-w-full gap-8\" ><div id=\"text_block-5-34\" class=\"ct-text-block color-white text-center uppercase tracking-wide text-lg font-medium\" >SOMOS TUS ELECTRICISTAS DE REFERENCIA EN MANRESA <\/div><h1 id=\"headline-6-34\" class=\"ct-headline text-5xl font-bold color-white text-center md-text-4xl\">\u00bfNecesitas una empresa de instalaciones el\u00e9ctricas?<\/h1><div id=\"text_block-21-34\" class=\"ct-text-block color-white text-base font-normal text-center\" >Te ofrecemos soluciones personalizadas en instalaciones el\u00e9ctricas, dom\u00f3tica avanzada y mantenimientos integrales para tu industria, hogar o explotaci\u00f3n ganadera, aportando tecnolog\u00eda de punta para optimizar el rendimiento.<\/div><div id=\"div_block-25-34\" class=\"ct-div-block gap-6\" ><a id=\"link_button-7-34\" class=\"ct-link-button btn-hover text-base font-bold primary-btn-img modal\" href=\"https:\/\/esemanresa.com\/contacte\/\"   >SOLICITA PRESUPUESTO<\/a><a id=\"link_button-26-34\" class=\"ct-link-button btn-hover-transparent transparent-btn-img\" href=\"tel:\"   >LL\u00c1MANOS<\/a><\/div><\/div><\/div><\/section><\/div>\n\n<section id=\"section-2-10\" class=\" ct-section \" ><div class=\"ct-section-inner-wrap\"><div id=\"div_block-3-10\" class=\"ct-div-block w-full gap-8\" ><h2 id=\"headline-4-10\" class=\"ct-headline text-4xl md-text-3-5xl\">Servicios Personalizados de Alta Calidad<\/h2><div id=\"text_block-6-10\" class=\"ct-text-block\" >Nos dedicamos a ofrecer soluciones a medida en el campo de las instalaciones el\u00e9ctricas, dom\u00f3tica y mantenimiento integral. Nuestro equipo experto proporciona servicios adaptados a cada necesidad espec\u00edfica, ya sea para tu empresa, tu hogar o tu explotaci\u00f3n ganadera. Con el uso de tecnolog\u00eda de vanguardia y pr\u00e1cticas innovadoras, garantizamos la optimizaci\u00f3n del rendimiento y la eficiencia energ\u00e9tica. Descubre c\u00f3mo nuestra experiencia puede ayudarte a mejorar tu infraestructura el\u00e9ctrica y electr\u00f3nica.<\/div><div id=\"_dynamic_list-45-10\" class=\"oxy-dynamic-list\"><div id=\"div_block-46-10-1\" class=\"ct-div-block\" data-id=\"div_block-46-10\"><div id=\"div_block-51-10-1\" class=\"ct-div-block gap-4 p-4 cards-shadow cards-border h-full rounded-lg w-full\" data-id=\"div_block-51-10\"><a id=\"link-138-10-1\" class=\"ct-link w-full\" href=\"https:\/\/esemanresa.com\/es\/serveis\/instalaciones-y-mantenimiento-industrial\/\" target=\"_self\" data-id=\"link-138-10\"><img decoding=\"async\" id=\"image-52-10-1\" alt=\"\" src=\"https:\/\/esemanresa.com\/wp-content\/uploads\/2024\/04\/installacions-manteniment-industrial.jpg\" class=\"ct-image rounded-md w-full\" data-id=\"image-52-10\"><\/a><a id=\"link-139-10-1\" class=\"ct-link\" href=\"https:\/\/esemanresa.com\/es\/serveis\/instalaciones-y-mantenimiento-industrial\/\" target=\"_self\" data-id=\"link-139-10\"><h3 id=\"headline-53-10-1\" class=\"ct-headline text-left color-paragraph text-xl\" data-id=\"headline-53-10\"><span id=\"span-63-10\" class=\"ct-span\" >Instalaciones y Mantenimiento Industrial<\/span><\/h3><\/a><div id=\"text_block-83-10-1\" class=\"ct-text-block text-base color-paragraph font-normal\" data-id=\"text_block-83-10\"><span id=\"span-89-10\" class=\"ct-span\" ><\/span><\/div><a id=\"link_button-203-10-1\" class=\"ct-link-button mt-auto btn-hover primary-btn-img\" href=\"https:\/\/esemanresa.com\/es\/serveis\/instalaciones-y-mantenimiento-industrial\/\" target=\"_self\" data-id=\"link_button-203-10\">M\u00e1s Detalles<\/a><\/div><\/div><div id=\"div_block-46-10-2\" class=\"ct-div-block\" data-id=\"div_block-46-10\"><div id=\"div_block-51-10-2\" class=\"ct-div-block gap-4 p-4 cards-shadow cards-border h-full rounded-lg w-full\" data-id=\"div_block-51-10\"><a id=\"link-138-10-2\" class=\"ct-link w-full\" href=\"https:\/\/esemanresa.com\/es\/serveis\/instal%c2%b7lacions-particulars-i-comunitats\/\" target=\"_self\" data-id=\"link-138-10\"><img decoding=\"async\" id=\"image-52-10-2\" alt=\"\" src=\"https:\/\/esemanresa.com\/wp-content\/uploads\/2024\/03\/image-1-1.jpg\" class=\"ct-image rounded-md w-full\" data-id=\"image-52-10\"><\/a><a id=\"link-139-10-2\" class=\"ct-link\" href=\"https:\/\/esemanresa.com\/es\/serveis\/instal%c2%b7lacions-particulars-i-comunitats\/\" target=\"_self\" data-id=\"link-139-10\"><h3 id=\"headline-53-10-2\" class=\"ct-headline text-left color-paragraph text-xl\" data-id=\"headline-53-10\"><span id=\"span-63-10\" class=\"ct-span\" >Soluciones Integrales en Instalaciones y Mantenimiento El\u00e9ctrico para Particulares y Comunidades<\/span><\/h3><\/a><div id=\"text_block-83-10-2\" class=\"ct-text-block text-base color-paragraph font-normal\" data-id=\"text_block-83-10\"><span id=\"span-89-10\" class=\"ct-span\" ><\/span><\/div><a id=\"link_button-203-10-2\" class=\"ct-link-button mt-auto btn-hover primary-btn-img\" href=\"https:\/\/esemanresa.com\/es\/serveis\/instal%c2%b7lacions-particulars-i-comunitats\/\" target=\"_self\" data-id=\"link_button-203-10\">M\u00e1s Detalles<\/a><\/div><\/div><div id=\"div_block-46-10-3\" class=\"ct-div-block\" data-id=\"div_block-46-10\"><div id=\"div_block-51-10-3\" class=\"ct-div-block gap-4 p-4 cards-shadow cards-border h-full rounded-lg w-full\" data-id=\"div_block-51-10\"><a id=\"link-138-10-3\" class=\"ct-link w-full\" href=\"https:\/\/esemanresa.com\/es\/serveis\/instalaciones-y-mantenimiento-para-la-ganaderia\/\" target=\"_self\" data-id=\"link-138-10\"><img decoding=\"async\" id=\"image-52-10-3\" alt=\"\" src=\"https:\/\/esemanresa.com\/wp-content\/uploads\/2024\/04\/Instal\u00b7lacions-i-Manteniment-per-Ramaderia.jpg\" class=\"ct-image rounded-md w-full\" data-id=\"image-52-10\"><\/a><a id=\"link-139-10-3\" class=\"ct-link\" href=\"https:\/\/esemanresa.com\/es\/serveis\/instalaciones-y-mantenimiento-para-la-ganaderia\/\" target=\"_self\" data-id=\"link-139-10\"><h3 id=\"headline-53-10-3\" class=\"ct-headline text-left color-paragraph text-xl\" data-id=\"headline-53-10\"><span id=\"span-63-10\" class=\"ct-span\" >Instalaciones y Mantenimiento para la Ganader\u00eda<\/span><\/h3><\/a><div id=\"text_block-83-10-3\" class=\"ct-text-block text-base color-paragraph font-normal\" data-id=\"text_block-83-10\"><span id=\"span-89-10\" class=\"ct-span\" ><\/span><\/div><a id=\"link_button-203-10-3\" class=\"ct-link-button mt-auto btn-hover primary-btn-img\" href=\"https:\/\/esemanresa.com\/es\/serveis\/instalaciones-y-mantenimiento-para-la-ganaderia\/\" target=\"_self\" data-id=\"link_button-203-10\">M\u00e1s Detalles<\/a><\/div><\/div><div id=\"div_block-46-10-4\" class=\"ct-div-block\" data-id=\"div_block-46-10\"><div id=\"div_block-51-10-4\" class=\"ct-div-block gap-4 p-4 cards-shadow cards-border h-full rounded-lg w-full\" data-id=\"div_block-51-10\"><a id=\"link-138-10-4\" class=\"ct-link w-full\" href=\"https:\/\/esemanresa.com\/es\/serveis\/instalaciones-y-mantenimiento-por-energias-renovables\/\" target=\"_self\" data-id=\"link-138-10\"><img decoding=\"async\" id=\"image-52-10-4\" alt=\"\" src=\"https:\/\/esemanresa.com\/wp-content\/uploads\/2024\/04\/Instal\u00b7lacions-i-Manteniment-per-Energies-Renovables.jpg\" class=\"ct-image rounded-md w-full\" data-id=\"image-52-10\"><\/a><a id=\"link-139-10-4\" class=\"ct-link\" href=\"https:\/\/esemanresa.com\/es\/serveis\/instalaciones-y-mantenimiento-por-energias-renovables\/\" target=\"_self\" data-id=\"link-139-10\"><h3 id=\"headline-53-10-4\" class=\"ct-headline text-left color-paragraph text-xl\" data-id=\"headline-53-10\"><span id=\"span-63-10\" class=\"ct-span\" >Instalaciones y Mantenimiento por Energ\u00edas Renovables<\/span><\/h3><\/a><div id=\"text_block-83-10-4\" class=\"ct-text-block text-base color-paragraph font-normal\" data-id=\"text_block-83-10\"><span id=\"span-89-10\" class=\"ct-span\" ><\/span><\/div><a id=\"link_button-203-10-4\" class=\"ct-link-button mt-auto btn-hover primary-btn-img\" href=\"https:\/\/esemanresa.com\/es\/serveis\/instalaciones-y-mantenimiento-por-energias-renovables\/\" target=\"_self\" data-id=\"link_button-203-10\">M\u00e1s Detalles<\/a><\/div><\/div><div id=\"div_block-46-10-5\" class=\"ct-div-block\" data-id=\"div_block-46-10\"><div id=\"div_block-51-10-5\" class=\"ct-div-block gap-4 p-4 cards-shadow cards-border h-full rounded-lg w-full\" data-id=\"div_block-51-10\"><a id=\"link-138-10-5\" class=\"ct-link w-full\" href=\"https:\/\/esemanresa.com\/es\/serveis\/sistemes-dalarma-i-videovigilancia\/\" target=\"_self\" data-id=\"link-138-10\"><img decoding=\"async\" id=\"image-52-10-5\" alt=\"\" src=\"https:\/\/esemanresa.com\/wp-content\/uploads\/2024\/04\/Sistemes-d-alarma-i-Videovigilancia.jpg\" class=\"ct-image rounded-md w-full\" data-id=\"image-52-10\"><\/a><a id=\"link-139-10-5\" class=\"ct-link\" href=\"https:\/\/esemanresa.com\/es\/serveis\/sistemes-dalarma-i-videovigilancia\/\" target=\"_self\" data-id=\"link-139-10\"><h3 id=\"headline-53-10-5\" class=\"ct-headline text-left color-paragraph text-xl\" data-id=\"headline-53-10\"><span id=\"span-63-10\" class=\"ct-span\" >Sistemas de Alarma y Videovigilancia<\/span><\/h3><\/a><div id=\"text_block-83-10-5\" class=\"ct-text-block text-base color-paragraph font-normal\" data-id=\"text_block-83-10\"><span id=\"span-89-10\" class=\"ct-span\" ><\/span><\/div><a id=\"link_button-203-10-5\" class=\"ct-link-button mt-auto btn-hover primary-btn-img\" href=\"https:\/\/esemanresa.com\/es\/serveis\/sistemes-dalarma-i-videovigilancia\/\" target=\"_self\" data-id=\"link_button-203-10\">M\u00e1s Detalles<\/a><\/div><\/div><div id=\"div_block-46-10-6\" class=\"ct-div-block\" data-id=\"div_block-46-10\"><div id=\"div_block-51-10-6\" class=\"ct-div-block gap-4 p-4 cards-shadow cards-border h-full rounded-lg w-full\" data-id=\"div_block-51-10\"><a id=\"link-138-10-6\" class=\"ct-link w-full\" href=\"https:\/\/esemanresa.com\/es\/serveis\/proyectos-y-legalizaciones-electricas-y-electronicas\/\" target=\"_self\" data-id=\"link-138-10\"><img decoding=\"async\" id=\"image-52-10-6\" alt=\"\" src=\"https:\/\/esemanresa.com\/wp-content\/uploads\/2024\/04\/Projectes-i-Legalitzacions-electriques-i-electroniques.jpg\" class=\"ct-image rounded-md w-full\" data-id=\"image-52-10\"><\/a><a id=\"link-139-10-6\" class=\"ct-link\" href=\"https:\/\/esemanresa.com\/es\/serveis\/proyectos-y-legalizaciones-electricas-y-electronicas\/\" target=\"_self\" data-id=\"link-139-10\"><h3 id=\"headline-53-10-6\" class=\"ct-headline text-left color-paragraph text-xl\" data-id=\"headline-53-10\"><span id=\"span-63-10\" class=\"ct-span\" >Proyectos y Legalizaciones el\u00e9ctricas y electr\u00f3nicas<\/span><\/h3><\/a><div id=\"text_block-83-10-6\" class=\"ct-text-block text-base color-paragraph font-normal\" data-id=\"text_block-83-10\"><span id=\"span-89-10\" class=\"ct-span\" ><\/span><\/div><a id=\"link_button-203-10-6\" class=\"ct-link-button mt-auto btn-hover primary-btn-img\" href=\"https:\/\/esemanresa.com\/es\/serveis\/proyectos-y-legalizaciones-electricas-y-electronicas\/\" target=\"_self\" data-id=\"link_button-203-10\">M\u00e1s Detalles<\/a><\/div><\/div>                    \n                                            \n                                        \n                    <\/div>\n<\/div><div id=\"div_block-7-10\" class=\"ct-div-block w-full grid-cols-3 grid col-gap-6 row-gap-8 md-grid-cols-2 sm-grid-cols-1\" ><div id=\"div_block-8-10\" class=\"ct-div-block gap-4 p-4 rounded cards-shadow cards-border\" ><img decoding=\"async\"  id=\"image-9-10\" alt=\"\" src=\"https:\/\/esemanresa.com\/wp-content\/uploads\/2024\/03\/image-1.jpg\" class=\"ct-image rounded-md\"\/><h3 id=\"headline-10-10\" class=\"ct-headline text-2xl\">Instal\u00b7lacions i Manteniment Industrial<\/h3><div id=\"text_block-11-10\" class=\"ct-text-block\" >Especialment per ind\u00fastries, oferim instal\u00b7lacions completament segures i eficients.<\/div><a id=\"link_button-12-10\" class=\"ct-link-button mt-auto btn-hover primary-btn-img\" href=\"http:\/\/\" target=\"_self\"  >M\u00e9s Detalls<\/a><\/div><div id=\"div_block-16-10\" class=\"ct-div-block gap-4 p-4 rounded cards-shadow cards-border\" ><img decoding=\"async\"  id=\"image-17-10\" alt=\"\" src=\"https:\/\/esemanresa.com\/wp-content\/uploads\/2024\/03\/image-1-1.jpg\" class=\"ct-image rounded-md\"\/><h3 id=\"headline-18-10\" class=\"ct-headline text-2xl\">Instal\u00b7lacions Particulars i Comunitats<\/h3><div id=\"text_block-19-10\" class=\"ct-text-block\" >Transformem llars i comunitats amb tecnologies intel\u00b7ligents, des de sistemes de seguretat fins a solucions de gesti\u00f3 energ\u00e8tica, millorant el confort i reduint el consum energ\u00e8tic.<\/div><a id=\"link_button-20-10\" class=\"ct-link-button mt-auto btn-hover primary-btn-img\" href=\"http:\/\/\" target=\"_self\"  >M\u00e9s Detalls<\/a><\/div><div id=\"div_block-21-10\" class=\"ct-div-block gap-4 p-4 rounded cards-shadow cards-border\" ><img decoding=\"async\"  id=\"image-22-10\" alt=\"\" src=\"https:\/\/esemanresa.com\/wp-content\/uploads\/2024\/03\/image-1-2.jpg\" class=\"ct-image rounded-md\"\/><h3 id=\"headline-23-10\" class=\"ct-headline text-2xl\">Instal\u00b7lacions i Manteniment per Ramaderia<\/h3><div id=\"text_block-24-10\" class=\"ct-text-block\" >Som l\u00edders en proporcionar solucions avan\u00e7ades que millorin la productivitat i el benestar animal, amb un enfocament especial en la sostenibilitat i l'efici\u00e8ncia energ\u00e8tica.<\/div><a id=\"link_button-25-10\" class=\"ct-link-button mt-auto btn-hover primary-btn-img\" href=\"http:\/\/\" target=\"_self\"  >M\u00e9s Detalls<\/a><\/div><div id=\"div_block-26-10\" class=\"ct-div-block gap-4 p-4 rounded cards-shadow cards-border\" ><img decoding=\"async\"  id=\"image-27-10\" alt=\"\" src=\"https:\/\/esemanresa.com\/wp-content\/uploads\/2024\/03\/image-1-3.jpg\" class=\"ct-image rounded-md\"\/><h3 id=\"headline-28-10\" class=\"ct-headline text-2xl\">Instal\u00b7lacions i Manteniment  per Energies Renovables<\/h3><div id=\"text_block-29-10\" class=\"ct-text-block\" >Instal.lacions de panells fotovoltaics, sempre adaptant-se a les seves necessitats, <br>Instal.lacions de carregadors de vehicle electric de totes les marques.<\/div><a id=\"link_button-30-10\" class=\"ct-link-button mt-auto btn-hover primary-btn-img\" href=\"http:\/\/\" target=\"_self\"  >M\u00e9s Detalls<\/a><\/div><div id=\"div_block-31-10\" class=\"ct-div-block gap-4 p-4 rounded cards-shadow cards-border\" ><img decoding=\"async\"  id=\"image-32-10\" alt=\"\" src=\"https:\/\/esemanresa.com\/wp-content\/uploads\/2024\/03\/image-1-4.jpg\" class=\"ct-image rounded-md\"\/><h3 id=\"headline-33-10\" class=\"ct-headline text-2xl\">Sistemes d\u2019alarma i Videovigilancia<\/h3><div id=\"text_block-34-10\" class=\"ct-text-block\" >Alarmes personalitzades AJAX:<br>Per falta de llum, falta d\u2019aigua a dip\u00f2sit, casi sense instal.laci\u00f3, amb connexi\u00f3 a central receptora o sense, amb aplicaci\u00f3 m\u00f2bil gratuita i servidor gratu\u00eft.<br>Videovigil\u00e0ncia amb c\u00e0meres conectades al movil o Pc.<\/div><a id=\"link_button-35-10\" class=\"ct-link-button mt-auto btn-hover primary-btn-img\" href=\"http:\/\/\" target=\"_self\"  >M\u00e9s Detalls<\/a><\/div><div id=\"div_block-36-10\" class=\"ct-div-block gap-4 p-4 rounded cards-shadow cards-border\" ><img decoding=\"async\"  id=\"image-37-10\" alt=\"\" src=\"https:\/\/esemanresa.com\/wp-content\/uploads\/2024\/03\/image-1-5.jpg\" class=\"ct-image rounded-md\"\/><h3 id=\"headline-38-10\" class=\"ct-headline text-2xl\">Projectes i Legalitzacions electriques i electroniques<\/h3><div id=\"text_block-39-10\" class=\"ct-text-block\" >T'acompanyem en tot el proc\u00e9s de legalitzaci\u00f3 dels teus projectes el\u00e8ctrics, assegurant el compliment normatiu i la m\u00e0xima seguretat.<\/div><a id=\"link_button-40-10\" class=\"ct-link-button mt-auto btn-hover primary-btn-img\" href=\"http:\/\/\" target=\"_self\"  >M\u00e9s Detalls<\/a><\/div><\/div><\/div><\/section>\n\n<section id=\"section-9-255\" class=\" ct-section w-full\" ><div class=\"ct-section-inner-wrap\"><div id=\"_dynamic_list-2-255\" class=\"oxy-dynamic-list w-full\"><\/div>\n<\/div><\/section>\n\n<section id=\"section-2-53\" class=\" ct-section\" ><div class=\"ct-section-inner-wrap\"><div id=\"div_block-3-53\" class=\"ct-div-block w-full grid grid-cols-2 md-grid-cols-1\" ><div id=\"div_block-4-53\" class=\"ct-div-block gap-2 p-12 custom-border-lt xl-px-6 md-px-8 sm-px-2 bg-alt\" ><h2 id=\"headline-5-53\" class=\"ct-headline font-bold color-paragraph xl-text-3xl md-text-3-5xl text-3xl\">Innovaci\u00f3n y Compromiso al Servicio del Sector El\u00e9ctrico y Ganadero<\/h2><p id=\"text_block-6-53\" class=\"ct-text-block text-base font-normal\" >EvoService El\u00e9ctric Manresa SL combina experiencia y conocimiento t\u00e9cnico para entregar soluciones en instalaciones el\u00e9ctricas y dom\u00f3tica, enfoc\u00e1ndonos en los sectores industrial, residencial y ganadero. Resultado de la uni\u00f3n entre INICIATIVAS T\u00c9CNICAS L'EQUIP SL e INSTALACIONES TARGARONA, nos comprometemos con la calidad, la innovaci\u00f3n y el bienestar animal, ofreciendo desde mantenimientos personalizados hasta sistemas automatizados para mejorar eficiencia y sostenibilidad.<\/p><a id=\"link_button-7-53\" class=\"ct-link-button font-medium text-base px-6 btn-black black-btn-img\" href=\"https:\/\/esemanresa.com\/es\/empresa\/\"   >CON\u00d3CENOS<\/a><\/div><div id=\"div_block-8-53\" class=\"ct-div-block w-full h-full lg-order-first\" ><img decoding=\"async\"  id=\"image-9-53\" alt=\"\" src=\"https:\/\/esemanresa.com\/wp-content\/uploads\/2024\/05\/IR_00010-scaled.jpg\" class=\"ct-image h-full w-full custom-border-img-rt img-section-card\"\/><\/div><\/div><\/div><\/section>\n\n<section class=\"ct-section section-py-sm\">\n<div class=\"ct-section-inner-wrap text-center centered\"><h2 class=\"ct-headline mx-auto color-paragraph text-4xl md-text-3-5xl fade-in\">\tPreguntas frecuentes<\/h1>\n\t<!-- Subt\u00edtulo do bloco-->\n\t<div class=\"mx-auto text-center mb-12 font-normal color-paragraph w-2by3 md-w-full fade-in\">\n\t \t<p>Este espacio est\u00e1 dedicado a responder a las preguntas m\u00e1s comunes de nuestros clientes. Si tienes una pregunta espec\u00edfica, <a href=\"https:\/\/esemanresa.com\/es\/contacto\/\" style=\"color: rgba(146, 28, 98, 1); text-decoration: underline;\">escr\u00edbenos<\/a>.<\/p>\n\t \t<\/div>\n\t<!--Fim do subt\u00edtulo-->\n\t<div class=\"w-full mx-auto\">\n\t\t\t\t<div class=\"border-b p-8 border-color scale-up bg-alt fade-in\">\n\t\t\t\t\t<button id=\"_toggle-1-1\"class=\"oxy-toggle toggle-0555 w-full bg-alt border-none toggle-0555-expanded\" role=\"button\" data-oxy-toggle-initial-state=\"closed\" data-oxy-toggle-active-class=\"toggle-0555-expanded\">\n\t\t\t\t\t\t<div class=\"oxy-toggle-content text-left\">\n\t\t\t\t\t\t\t<h3 class=\"color-primary ct-headline text-xl font-bold\">\u00bfQu\u00e9 experiencia tiene EvoService en el sector ganadero?<\/h2>\n\t\t\t\t\t\t<\/div>\n\t\t\t\t\t\t<div class=\"toggle-expand-collapse-icon oxy-eci-collapsed color-primary\" href=\"#\">\n\t\t\t\t\t\t\t<svg xmlns=\"http:\/\/www.w3.org\/2000\/svg\" role=\"presentation\" width=\"16\" height=\"10\" viewBox=\"0 0 16 10\" fill=\"none\">\n\t\t\t\t\t\t\t<path d=\"M15 1L8 8L1 0.999999\" stroke=\"rgba(146, 28, 98, 1)\" stroke-width=\"2\"\/>\n\t\t\t\t\t\t\t<\/svg>\n\t\t\t\t\t\t<\/div>\n\t\t\t\t\t<\/button>\n\t\t\t\t<div class=\"ct-text-block text-toggle font-normal text-base text-left color-paragraph paragraph-w-link\"  >\n<p>EvoService acumula a\u00f1os de experiencia y un profundo conocimiento en el sector ganadero, especialmente en granjas av\u00edcolas y porcinas. Nuestra experiencia abarca desde la instalaci\u00f3n de sistemas de ventilaci\u00f3n y refrigeraci\u00f3n hasta la implementaci\u00f3n de soluciones de dom\u00f3tica y automatismos espec\u00edficos para la alimentaci\u00f3n.<\/p>\n<\/div>\n\t\t\t\t<\/div>\n\t<\/div>\n\t<\/div>\n<div style=\"padding-top: 0px; display:none; \" class=\"centered ct-section ct-section-inner-wrap mx-auto none\">\n<a class=\"ct-link-button btn-black black-btn-img mx-auto py-2 border-none\" href=\"https:\/\/esem.rootsons.com\/preguntes-frequents\/\" target=\"_self\">VEURE TODAS <\/a>\n<\/div>\n<\/section>\n\n\n<section id=\"section-2-81\" class=\" ct-section \" ><div class=\"ct-section-inner-wrap\"><div id=\"div_block-3-81\" class=\"ct-div-block w-3by4 mx-auto md-w-full mb-12 gap-8\" ><h2 id=\"text_block-4-81\" class=\"ct-text-block font-semibold color-paragraph mx-auto text-4xl font-bold md-text-3-5xl\" >Nuestro blog<\/h2><div id=\"text_block-5-81\" class=\"ct-text-block text-base font-normal color-paragraph text-center\" >En esta secci\u00f3n publicamos contenido relevante relacionado con nuestro trabajo y las soluciones que ofrecemos a nuestros clientes.<\/div><\/div><div id=\"_dynamic_list-6-81\" class=\"oxy-dynamic-list mb-4 mb-10\">                    \n                                            \n                                        \n                    <\/div>\n<div id=\"div_block-20-81\" class=\"ct-div-block mx-auto anim-btn-fade-bot\" ><a id=\"link_button-21-81\" class=\"ct-link-button uppercase mx-auto text-base btn-black black-btn-img\" href=\"https:\/\/esemanresa.com\/es\/blog\/\" target=\"_self\"  >M\u00c1S ART\u00cdCULOS <\/a><\/div><\/div><\/section>","protected":false},"excerpt":{"rendered":"","protected":false},"author":2,"featured_media":0,"parent":0,"menu_order":0,"comment_status":"closed","ping_status":"closed","template":"","meta":{"_acf_changed":false,"footnotes":""},"class_list":["post-434","page","type-page","status-publish","hentry"],"acf":[],"_links":{"self":[{"href":"https:\/\/esemanresa.com\/es\/wp-json\/wp\/v2\/pages\/434","targetHints":{"allow":["GET"]}}],"collection":[{"href":"https:\/\/esemanresa.com\/es\/wp-json\/wp\/v2\/pages"}],"about":[{"href":"https:\/\/esemanresa.com\/es\/wp-json\/wp\/v2\/types\/page"}],"author":[{"embeddable":true,"href":"https:\/\/esemanresa.com\/es\/wp-json\/wp\/v2\/users\/2"}],"replies":[{"embeddable":true,"href":"https:\/\/esemanresa.com\/es\/wp-json\/wp\/v2\/comments?post=434"}],"version-history":[{"count":9,"href":"https:\/\/esemanresa.com\/es\/wp-json\/wp\/v2\/pages\/434\/revisions"}],"predecessor-version":[{"id":533,"href":"https:\/\/esemanresa.com\/es\/wp-json\/wp\/v2\/pages\/434\/revisions\/533"}],"wp:attachment":[{"href":"https:\/\/esemanresa.com\/es\/wp-json\/wp\/v2\/media?parent=434"}],"curies":[{"name":"wp","href":"https:\/\/api.w.org\/{rel}","templated":true}]}}