{"id":475,"date":"2024-03-20T18:36:11","date_gmt":"2024-03-20T17:36:11","guid":{"rendered":"https:\/\/esemanresa.com\/contacte\/"},"modified":"2024-10-21T18:19:01","modified_gmt":"2024-10-21T16:19:01","slug":"contacto","status":"publish","type":"page","link":"https:\/\/esemanresa.com\/es\/contacto\/","title":{"rendered":"Contacto"},"content":{"rendered":"<section id=\"section-2-107\" class=\" ct-section\" ><div class=\"ct-section-inner-wrap\"><div id=\"div_block-3-107\" class=\"ct-div-block gap-4 centered w-5by6 lg-w-full\" ><div id=\"text_block-4-107\" class=\"ct-text-block text-xl font-semibold\" >Contacta con nosotros\n\n\n\n\n\n<\/div><h1 id=\"headline-6-107\" class=\"ct-headline text-5xl font-bold text-center md-text-3-5xl\">Asesoramiento personalizado y presupuestos sin compromiso <\/h1><\/div><\/div><\/section>\n\n<section id=\"section-2-111\" class=\" ct-section section-py-sm\" ><div class=\"ct-section-inner-wrap\"><div id=\"div_block-3-111\" class=\"ct-div-block w-full grid grid-cols-2 gap-8 md-grid-cols-1 lg-p-6 card-border p-6 rounded-lg\" ><div id=\"div_block-4-111\" class=\"ct-div-block gap-4\" ><a id=\"link-6-111\" class=\"ct-link\" href=\"tel:\"   ><img decoding=\"async\"  id=\"image-7-111\" alt=\"\" src=\"https:\/\/esemanresa.com\/wp-content\/uploads\/2024\/03\/16x16-icon-1-1.svg\" class=\"ct-image my-auto mr-2\"\/><div id=\"text_block-8-111\" class=\"ct-text-block text-sm font-normal color-paragraph letter-spacing-lg\" ><span id=\"span-9-111\" class=\"ct-span\" ><\/span><\/div><\/a><a id=\"link-10-111\" class=\"ct-link\" href=\"mailto:\" target=\"_blank\"  ><img decoding=\"async\"  id=\"image-11-111\" alt=\"\" src=\"https:\/\/esemanresa.com\/wp-content\/uploads\/2024\/03\/16x16-icon-2.svg\" class=\"ct-image my-auto mr-2\"\/><div id=\"text_block-12-111\" class=\"ct-text-block text-sm font-normal color-paragraph letter-spacing-lg\" ><span id=\"span-13-111\" class=\"ct-span\" ><\/span><\/div><\/a><div id=\"div_block-14-111\" class=\"ct-div-block gap-2\" ><img decoding=\"async\"  id=\"image-15-111\" alt=\"\" src=\"https:\/\/esemanresa.com\/wp-content\/uploads\/2024\/03\/Frame-4.svg\" class=\"ct-image \"\/><div id=\"div_block-28-111\" class=\"ct-div-block gap-2\" ><div id=\"text_block-29-111\" class=\"ct-text-block text-base font-bold color-paragraph\" >Horario de atenci\u00f3n<\/div><div id=\"text_block-31-111\" class=\"ct-text-block text-base font-medium color-paragraph\" ><span id=\"span-32-111\" class=\"ct-span\" ><\/span><\/div><\/div><\/div><\/div><div id=\"div_block-21-111\" class=\"ct-div-block md-order-first\" ><img decoding=\"async\"  id=\"image-22-111\" alt=\"\" src=\"https:\/\/esemanresa.com\/wp-content\/uploads\/2024\/03\/Rectangle-188.jpg\" class=\"ct-image h-full rounded w-full\"\/><\/div><\/div><\/div><\/section>\n\n<section id=\"section-6-129\" class=\" ct-section bg-alt\" ><div class=\"ct-section-inner-wrap\"><div id=\"div_block-8-129\" class=\"ct-div-block w-full centered\" ><div id=\"code_block-9-129\" class=\"ct-code-block\" ><\/div>\n\t\t<div id=\"-form_widget-11-129\" class=\"oxy-form-widget w-5by6 md-w-full ff-oxy-element\" ><div class='fluentform ff-default fluentform_wrapper_5 ffs_default_wrap'><form data-form_id=\"5\" id=\"fluentform_5\" class=\"frm-fluent-form fluent_form_5 ff-el-form-top ff_form_instance_5_1 ff-form-loading ff_has_v3_recptcha ffs_default\" data-form_instance=\"ff_form_instance_5_1\" method=\"POST\" data-recptcha_key=\"6LfWUPYpAAAAAIo-3Z44og6EUe_asR_Cn7tUVFVk\" ><fieldset  style=\"border: none!important;margin: 0!important;padding: 0!important;background-color: transparent!important;box-shadow: none!important;outline: none!important; min-inline-size: 100%;\">\n                    <legend class=\"ff_screen_reader_title\" style=\"display: block; margin: 0!important;padding: 0!important;height: 0!important;text-indent: -999999px;width: 0!important;overflow:hidden;\">Solicita Tu Presupuesto Personalizado - ES<\/legend>        <div\n                style=\"display: none!important; position: absolute!important; transform: translateX(1000%)!important;\"\n                class=\"ff-el-group ff-hpsf-container\"\n        >\n            <div class=\"ff-el-input--label asterisk-right\">\n                <label for=\"ff_5_item_sf\" aria-label=\"Newsletter\">\n                    Newsletter                <\/label>\n            <\/div>\n            <div class=\"ff-el-input--content\">\n                <input type=\"text\"\n                       name=\"item_5__fluent_sf\"\n                       class=\"ff-el-form-control\"\n                       id=\"ff_5_item_sf\"\n                \/>\n            <\/div>\n        <\/div>\n        <input type='hidden' name='__fluent_form_embded_post_id' value='475' \/><input type=\"hidden\" id=\"_fluentform_5_fluentformnonce\" name=\"_fluentform_5_fluentformnonce\" value=\"b345681193\" \/><input type=\"hidden\" name=\"_wp_http_referer\" value=\"\/es\/wp-json\/wp\/v2\/pages\/475\" \/><div data-type=\"name-element\" data-name=\"names\" class=\" ff-field_container ff-name-field-wrapper\" ><div class='ff-t-container'><div class='ff-t-cell '><div class='ff-el-group  ff-el-form-hide_label'><div class=\"ff-el-input--label ff-el-is-required asterisk-right\"><label for='ff_5_names_first_name_' id='label_ff_5_names_first_name_' >Nombre*<\/label><\/div><div class='ff-el-input--content'><input type=\"text\" name=\"names[first_name]\" id=\"ff_5_names_first_name_\" class=\"ff-el-form-control\" placeholder=\"Nombre*\" aria-invalid=\"false\" aria-required=true><\/div><\/div><\/div><div class='ff-t-cell '><div class='ff-el-group  ff-el-form-hide_label'><div class=\"ff-el-input--label asterisk-right\"><label for='ff_5_names_last_name_' id='label_ff_5_names_last_name_' >Apellido<\/label><\/div><div class='ff-el-input--content'><input type=\"text\" name=\"names[last_name]\" id=\"ff_5_names_last_name_\" class=\"ff-el-form-control\" placeholder=\"Apellido\" aria-invalid=\"false\" aria-required=false><\/div><\/div><\/div><\/div><\/div><div class='ff-el-group ff-el-form-hide_label'><div class=\"ff-el-input--label ff-el-is-required asterisk-right\"><label for='ff_5_email' id='label_ff_5_email' aria-label=\"Correo electr\u00f3nico*\">Correo electr\u00f3nico*<\/label><\/div><div class='ff-el-input--content'><input type=\"email\" name=\"email\" id=\"ff_5_email\" class=\"ff-el-form-control\" placeholder=\"Correo electr\u00f3nico*\" data-name=\"email\"  aria-invalid=\"false\" aria-required=true><\/div><\/div><div class='ff-el-group ff-el-form-hide_label'><div class=\"ff-el-input--label asterisk-right\"><label for='ff_5_phone' id='label_ff_5_phone' aria-label=\"Tel\u00e9fono\">Tel\u00e9fono<\/label><\/div><div class='ff-el-input--content'><input name=\"phone\" class=\"ff-el-form-control ff-el-phone\" type=\"tel\" placeholder=\"Tel\u00e9fono\" data-name=\"phone\" id=\"ff_5_phone\" inputmode=\"tel\"  aria-invalid='false' aria-required=false><\/div><\/div><div class='ff-el-group ff-el-form-hide_label'><div class=\"ff-el-input--label asterisk-right\"><label for='ff_5_input_text' id='label_ff_5_input_text' aria-label=\"Empresa\">Empresa<\/label><\/div><div class='ff-el-input--content'><input type=\"text\" name=\"input_text\" class=\"ff-el-form-control\" placeholder=\"Empresa\" data-name=\"input_text\" id=\"ff_5_input_text\"  aria-invalid=\"false\" aria-required=false><\/div><\/div><div class='ff-el-group ff-el-form-hide_label'><div class=\"ff-el-input--label asterisk-right\"><label for='ff_5_input_text_1' id='label_ff_5_input_text_1' aria-label=\"Asunto\">Asunto<\/label><\/div><div class='ff-el-input--content'><input type=\"text\" name=\"input_text_1\" class=\"ff-el-form-control\" placeholder=\"Asunto\" data-name=\"input_text_1\" id=\"ff_5_input_text_1\"  aria-invalid=\"false\" aria-required=false><\/div><\/div><div class='ff-el-group ff-el-form-hide_label'><div class=\"ff-el-input--label ff-el-is-required asterisk-right\"><label for='ff_5_description' id='label_ff_5_description' aria-label=\"Mensaje*\">Mensaje*<\/label><\/div><div class='ff-el-input--content'><textarea aria-required=\"true\" aria-labelledby=\"label_ff_5_description\" name=\"description\" id=\"ff_5_description\" class=\"ff-el-form-control\" placeholder=\"Mensaje*\" rows=\"4\" cols=\"2\" data-name=\"description\" ><\/textarea><\/div><\/div><div class='ff-el-group    ff-el-input--content'><div class='ff-el-form-check ff-el-tc'><label aria-label='T\u00e9rminos y condiciones: He le\u00eddo y acepto la Pol\u00edtica de Privacidad  Contiene 1 enlace. Usa la navegaci\u00f3n por pesta\u00f1as para rese\u00f1ar.' class='ff-el-form-check-label ff_tc_label' for=gdpr-agreement_132e476aea8447af6fc03043e59804dd><span class='ff_tc_checkbox'><input type=\"checkbox\" name=\"gdpr-agreement\" class=\"ff-el-form-check-input ff_gdpr_field\" data-name=\"gdpr-agreement\" id=\"gdpr-agreement_132e476aea8447af6fc03043e59804dd\"  value='on' aria-invalid='false' aria-required=true><\/span> <div class='ff_t_c'>He le\u00eddo y acepto la <a href=\"https:\/\/esemanresa.com\/es\/politica-de-privacidad\/\" style=\"color: #921C62\">Pol\u00edtica de Privacidad <\/a><\/div><\/label><\/div><\/div><div class='ff-el-group ff-text-right ff_submit_btn_wrapper'><button type=\"submit\" class=\"ff-btn ff-btn-submit ff-btn-md ff_btn_style wpf_has_custom_css\"  aria-label=\"ENVIAR\">ENVIAR<\/button><\/div><\/fieldset><\/form><div id='fluentform_5_errors' class='ff-errors-in-stack ff_form_instance_5_1 ff-form-loading_errors ff_form_instance_5_1_errors'><\/div><\/div>            <script type=\"text\/javascript\">\n                window.fluent_form_ff_form_instance_5_1 = {\"id\":\"5\",\"ajaxUrl\":\"https:\\\/\\\/esemanresa.com\\\/wp-admin\\\/admin-ajax.php\",\"settings\":{\"layout\":{\"labelPlacement\":\"top\",\"helpMessagePlacement\":\"with_label\",\"errorMessagePlacement\":\"inline\",\"cssClassName\":\"\",\"asteriskPlacement\":\"asterisk-right\"},\"restrictions\":{\"denyEmptySubmission\":{\"enabled\":false}}},\"form_instance\":\"ff_form_instance_5_1\",\"form_id_selector\":\"fluentform_5\",\"rules\":{\"names[first_name]\":{\"required\":{\"value\":true,\"message\":\"Este campo es obligatorio\",\"global_message\":\"This field is required\",\"global\":false}},\"names[middle_name]\":{\"required\":{\"value\":false,\"message\":\"This field is required\",\"global_message\":\"This field is required\",\"global\":true}},\"names[last_name]\":{\"required\":{\"value\":false,\"message\":\"This field is required\",\"global_message\":\"This field is required\",\"global\":true}},\"email\":{\"required\":{\"value\":true,\"message\":\"Este campo es obligatorio\",\"global_message\":\"This field is required\",\"global\":false},\"email\":{\"value\":true,\"message\":\"Este campo debe contener un correo electr\\u00f3nico v\\u00e1lido\",\"global_message\":\"This field must contain a valid email\",\"global\":false}},\"phone\":{\"required\":{\"value\":false,\"global\":true,\"message\":\"This field is required\",\"global_message\":\"This field is required\"},\"valid_phone_number\":{\"value\":false,\"global\":true,\"message\":\"Phone number is not valid\",\"global_message\":\"Phone number is not valid\"}},\"input_text\":{\"required\":{\"value\":false,\"message\":\"This field is required\",\"global_message\":\"This field is required\",\"global\":true}},\"input_text_1\":{\"required\":{\"value\":false,\"message\":\"This field is required\",\"global_message\":\"This field is required\",\"global\":true}},\"description\":{\"required\":{\"value\":true,\"message\":\"Este campo es obligatorio\",\"global_message\":\"This field is required\",\"global\":false}},\"gdpr-agreement\":{\"required\":{\"value\":true,\"message\":\"This field is required\",\"global_message\":\"This field is required\",\"global\":true}},\"g-recaptcha-response\":[]},\"debounce_time\":300};\n                            <\/script>\n            <\/div>\n\n\t\t<\/div><\/div><\/section>","protected":false},"excerpt":{"rendered":"","protected":false},"author":2,"featured_media":0,"parent":0,"menu_order":0,"comment_status":"closed","ping_status":"closed","template":"","meta":{"_acf_changed":false,"footnotes":""},"class_list":["post-475","page","type-page","status-publish","hentry"],"acf":[],"_links":{"self":[{"href":"https:\/\/esemanresa.com\/es\/wp-json\/wp\/v2\/pages\/475","targetHints":{"allow":["GET"]}}],"collection":[{"href":"https:\/\/esemanresa.com\/es\/wp-json\/wp\/v2\/pages"}],"about":[{"href":"https:\/\/esemanresa.com\/es\/wp-json\/wp\/v2\/types\/page"}],"author":[{"embeddable":true,"href":"https:\/\/esemanresa.com\/es\/wp-json\/wp\/v2\/users\/2"}],"replies":[{"embeddable":true,"href":"https:\/\/esemanresa.com\/es\/wp-json\/wp\/v2\/comments?post=475"}],"version-history":[{"count":2,"href":"https:\/\/esemanresa.com\/es\/wp-json\/wp\/v2\/pages\/475\/revisions"}],"predecessor-version":[{"id":478,"href":"https:\/\/esemanresa.com\/es\/wp-json\/wp\/v2\/pages\/475\/revisions\/478"}],"wp:attachment":[{"href":"https:\/\/esemanresa.com\/es\/wp-json\/wp\/v2\/media?parent=475"}],"curies":[{"name":"wp","href":"https:\/\/api.w.org\/{rel}","templated":true}]}}