{"id":543,"date":"2024-06-11T15:34:02","date_gmt":"2024-06-11T13:34:02","guid":{"rendered":"https:\/\/esemanresa.com\/politica-de-cookies\/"},"modified":"2024-06-11T15:56:46","modified_gmt":"2024-06-11T13:56:46","slug":"politica-de-cookies","status":"publish","type":"page","link":"https:\/\/esemanresa.com\/es\/politica-de-cookies\/","title":{"rendered":"Pol\u00edtica de Cookies"},"content":{"rendered":"\n<p>\n    Fecha de entrada en vigor: 11-Jun-2024 <br>\n    \u00daltima actualizaci\u00f3n: 11-Jun-2024\n<\/p>\n\n&nbsp;\n<h2>\u00bfQu\u00e9 son las cookies?<\/h2>\n<div class=\"cookie-policy-p\"><p>Esta Pol\u00edtica de Cookies explica qu\u00e9 son las cookies y c\u00f3mo las usamos, los tipos de cookies que utilizamos, es decir, la informaci\u00f3n que recopilamos utilizando cookies y c\u00f3mo se utiliza esa informaci\u00f3n, y c\u00f3mo gestionar la configuraci\u00f3n de cookies.<\/p> <p>Las cookies son peque\u00f1os archivos de texto que se utilizan para almacenar peque\u00f1as piezas de informaci\u00f3n. Se guardan en tu dispositivo cuando el sitio web se carga en tu navegador. Estas cookies nos ayudan a hacer que el sitio web funcione correctamente, sea m\u00e1s seguro, proporcione una mejor experiencia de usuario y comprenda c\u00f3mo funciona el sitio web y analice qu\u00e9 funciona y d\u00f3nde necesita mejorar.<\/p><\/div>\n\n&nbsp;\n<h2>\u00bfC\u00f3mo utilizamos las cookies?<\/h2>\n<div class=\"cookie-policy-p\"><p>Como la mayor\u00eda de los servicios en l\u00ednea, nuestro sitio web utiliza cookies de primera y de terceros para varios prop\u00f3sitos. Las cookies de primera parte son principalmente necesarias para que el sitio web funcione correctamente y no recopilan ninguno de tus datos personales identificables.<\/p> <p>Las cookies de terceros que se utilizan en nuestro sitio web son principalmente para entender c\u00f3mo funciona el sitio web, c\u00f3mo interact\u00faas con nuestro sitio web, mantener nuestros servicios seguros, proporcionarte anuncios que sean relevantes para ti y, en general, proporcionarte una mejor y mejorada experiencia de usuario y ayudar a acelerar tus futuras interacciones con nuestro sitio web.<\/p><\/div>\n\n&nbsp;\n<h2>Tipos de cookies que utilizamos<\/h2>\n\n<div class=\"cky-audit-table-element\"><\/div>\n\n&nbsp;\n<h2 style=\"margin-bottom:20px;\">Gestiona las preferencias de cookies<\/h2>\n\n<a class=\"cky-banner-element\">Configuraci\u00f3n de Cookies<\/a> <br\/>\n\n<div><p>Puedes cambiar tus preferencias de cookies en cualquier momento haciendo clic en el bot\u00f3n de arriba. Esto te permitir\u00e1 volver a visitar el banner de consentimiento de cookies y cambiar tus preferencias o retirar tu consentimiento de inmediato. <\/p> <p>Adem\u00e1s, diferentes navegadores proporcionan diferentes m\u00e9todos para bloquear y eliminar las cookies utilizadas por los sitios web. Puedes cambiar la configuraci\u00f3n de tu navegador para bloquear\/eliminar las cookies. A continuaci\u00f3n se muestran los enlaces a los documentos de soporte sobre c\u00f3mo gestionar y eliminar cookies de los principales navegadores web.<\/p> <p>Chrome: <a href=\"https:\/\/support.google.com\/accounts\/answer\/32050\" target=\"_blank\" rel=\"noopener\">https:\/\/support.google.com\/accounts\/answer\/32050<\/a><\/p><p>Safari: <a href=\"https:\/\/support.apple.com\/en-in\/guide\/safari\/sfri11471\/mac\" target=\"_blank\" rel=\"noopener\">https:\/\/support.apple.com\/en-in\/guide\/safari\/sfri11471\/mac<\/a><\/p><p>Firefox: <a href=\"https:\/\/support.mozilla.org\/en-US\/kb\/clear-cookies-and-site-data-firefox?redirectslug=delete-cookies-remove-info-websites-stored&redirectlocale=en-US\" target=\"_blank\" rel=\"noopener\">https:\/\/support.mozilla.org\/en-US\/kb\/clear-cookies-and-site-data-firefox?redirectslug=delete-cookies-remove-info-websites-stored&redirectlocale=en-US<\/a><\/p><p>Internet Explorer: <a href=\"https:\/\/support.microsoft.com\/en-us\/topic\/how-to-delete-cookie-files-in-internet-explorer-bca9446f-d873-78de-77ba-d42645fa52fc\" target=\"_blank\" rel=\"noopener\">https:\/\/support.microsoft.com\/en-us\/topic\/how-to-delete-cookie-files-in-internet-explorer-bca9446f-d873-78de-77ba-d42645fa52fc<\/a><\/p><p>Si est\u00e1s utilizando cualquier otro navegador web, por favor visita los documentos de soporte oficiales de tu navegador.<\/p><\/div>\n\n&nbsp;\n<p class=\"cookie-policy-p\">\n    Pol\u00edtica de Cookies Generada Por <a target=\"_blank\" href=\"https:\/\/www.cookieyes.com\/?utm_source=CP&utm_medium=footer&utm_campaign=UW\" rel=\"noopener\">CookieYes - Generador de Pol\u00edtica de Cookies<\/a>.\n<\/p>\n\n","protected":false},"excerpt":{"rendered":"<p>Fecha de entrada en vigor: 11-Jun-2024 \u00daltima actualizaci\u00f3n: 11-Jun-2024 &nbsp; \u00bfQu\u00e9 son las cookies? Esta Pol\u00edtica de Cookies explica qu\u00e9 son las cookies y c\u00f3mo las usamos, los tipos de cookies que utilizamos, es decir, la informaci\u00f3n que recopilamos utilizando cookies y c\u00f3mo se utiliza esa informaci\u00f3n, y c\u00f3mo gestionar la configuraci\u00f3n de cookies. Las [&hellip;]<\/p>\n","protected":false},"author":1,"featured_media":0,"parent":0,"menu_order":0,"comment_status":"closed","ping_status":"closed","template":"","meta":{"_acf_changed":false,"footnotes":""},"class_list":["post-543","page","type-page","status-publish","hentry"],"acf":[],"_links":{"self":[{"href":"https:\/\/esemanresa.com\/es\/wp-json\/wp\/v2\/pages\/543","targetHints":{"allow":["GET"]}}],"collection":[{"href":"https:\/\/esemanresa.com\/es\/wp-json\/wp\/v2\/pages"}],"about":[{"href":"https:\/\/esemanresa.com\/es\/wp-json\/wp\/v2\/types\/page"}],"author":[{"embeddable":true,"href":"https:\/\/esemanresa.com\/es\/wp-json\/wp\/v2\/users\/1"}],"replies":[{"embeddable":true,"href":"https:\/\/esemanresa.com\/es\/wp-json\/wp\/v2\/comments?post=543"}],"version-history":[{"count":1,"href":"https:\/\/esemanresa.com\/es\/wp-json\/wp\/v2\/pages\/543\/revisions"}],"predecessor-version":[{"id":545,"href":"https:\/\/esemanresa.com\/es\/wp-json\/wp\/v2\/pages\/543\/revisions\/545"}],"wp:attachment":[{"href":"https:\/\/esemanresa.com\/es\/wp-json\/wp\/v2\/media?parent=543"}],"curies":[{"name":"wp","href":"https:\/\/api.w.org\/{rel}","templated":true}]}}