{"id":551,"date":"2024-03-18T15:21:42","date_gmt":"2024-03-18T14:21:42","guid":{"rendered":"https:\/\/esemanresa.com\/politica-de-privadesa\/"},"modified":"2024-06-11T16:06:11","modified_gmt":"2024-06-11T14:06:11","slug":"politica-de-privacidad","status":"publish","type":"page","link":"https:\/\/esemanresa.com\/es\/politica-de-privacidad\/","title":{"rendered":"Pol\u00edtica de privacidad"},"content":{"rendered":"\n<p><span>\u00daltima actualizaci\u00f3n: 11-Jun-2024<\/span><br><span>Fecha de entrada en vigor: 11-Jun-2024<\/span><\/p>\n\n<p class=\"privacy-policy-p\">Esta Pol\u00edtica de Privacidad describe las pol\u00edticas de EVOSERVICE ELECTRIC MANRESA SL, CALLE MATERNITAT D' ELNA, 21, P BJ.  MANRESA, Barcelona 08243, Espa\u00f1a, correo electr\u00f3nico: info@esemanresa.com, tel\u00e9fono: + 34617388 356 sobre la recopilaci\u00f3n, uso y divulgaci\u00f3n de tu informaci\u00f3n que recopilamos cuando utilizas nuestro sitio web (esemanresa.com). (el \"Servicio\"). Al acceder o utilizar el Servicio, consientes la recopilaci\u00f3n, uso y divulgaci\u00f3n de tu informaci\u00f3n de acuerdo con esta Pol\u00edtica de Privacidad. Si no est\u00e1s de acuerdo, por favor, no accedas ni utilices el Servicio.<\/p>\n\n<p class=\"privacy-policy-p\">Podemos modificar esta Pol\u00edtica de Privacidad en cualquier momento sin aviso previo y publicaremos la Pol\u00edtica de Privacidad revisada en el Servicio. La Pol\u00edtica revisada ser\u00e1 efectiva 180 d\u00edas despu\u00e9s de ser publicada en el Servicio y tu acceso continuado o uso del Servicio despu\u00e9s de este per\u00edodo constituir\u00e1 tu aceptaci\u00f3n de la Pol\u00edtica de Privacidad revisada. Por lo tanto, te recomendamos que revises esta p\u00e1gina peri\u00f3dicamente.<\/p>\n\n<ol class=\"privacy-policy-ol\">\n    <li>\n        <h2 class=\"privacy-policy-h2\">Informaci\u00f3n que Recopilamos:<\/h2>\n        <p class=\"privacy-policy-p\">Recopilaremos y procesaremos la siguiente informaci\u00f3n personal sobre ti:<\/p>\n        <ol class=\"privacy-policy-ol\">\n            <li>Nombre<\/li>\n            <li>Correo electr\u00f3nico<\/li>\n            <li>M\u00f3vil<\/li>\n        <\/ol>\n    <\/li>\n    \n    <li>\n        <h2 class=\"privacy-policy-h2\">C\u00f3mo Utilizamos tu Informaci\u00f3n:<\/h2>\n        <p class=\"privacy-policy-p\">Utilizaremos la informaci\u00f3n que recopilamos sobre ti para los siguientes prop\u00f3sitos:<\/p>\n        <ol class=\"privacy-policy-ol\">\n            <li>Marketing\/Promocional<\/li>\n        <\/ol>\n        <p class=\"privacy-policy-p\">Si queremos utilizar tu informaci\u00f3n para cualquier otro prop\u00f3sito, te pediremos el consentimiento y utilizaremos tu informaci\u00f3n solo cuando recibamos tu consentimiento y, despu\u00e9s, solo para el prop\u00f3sito o prop\u00f3sitos para los cuales hayas dado tu consentimiento, a menos que la ley nos obligue a hacer lo contrario.<\/p>\n    <\/li>\n    \n    <li>\n        <h2 class=\"privacy-policy-h2\">C\u00f3mo Compartimos tu Informaci\u00f3n:<\/h2>\n        <p class=\"privacy-policy-p\">No transferiremos tu informaci\u00f3n personal a ning\u00fan tercero sin tu consentimiento, excepto en circunstancias limitadas como se describe a continuaci\u00f3n:<\/p>\n        <ol class=\"privacy-policy-ol\">\n            <li>Agencias de marketing<\/li>\n            <li>An\u00e1lisis<\/li>\n        <\/ol>\n        <p class=\"privacy-policy-p\">Requerimos que estos terceros utilicen la informaci\u00f3n personal que les transferimos solo para el prop\u00f3sito para el cual fue transferida y no la retengan m\u00e1s tiempo del necesario para cumplir con dicho prop\u00f3sito.<\/p>\n        <p class=\"privacy-policy-p\">Tambi\u00e9n podemos divulgar tu informaci\u00f3n personal para los siguientes motivos: (1) para cumplir con la ley aplicable, regulaci\u00f3n, orden judicial u otro proceso legal; (2) para hacer cumplir tus acuerdos con nosotros, incluida esta Pol\u00edtica de Privacidad; o (3) para responder a reclamaciones de que tu uso del Servicio viola derechos de terceros. Si el Servicio o nuestra empresa se fusionan o son adquiridos por otra empresa, tu informaci\u00f3n ser\u00e1 uno de los activos que se transferir\u00e1n al nuevo propietario.<\/p>\n    <\/li>\n    \n    <li>\n        <h2 class=\"privacy-policy-h2\">Retenci\u00f3n de tu Informaci\u00f3n:<\/h2>\n        <p class=\"privacy-policy-p\">Retendremos tu informaci\u00f3n personal con nosotros durante 90 d\u00edas a 2 a\u00f1os despu\u00e9s de que los usuarios hayan cerrado sus cuentas o durante el tiempo que necesitemos para cumplir con los prop\u00f3sitos para los cuales fue recopilada tal como se detalla en esta Pol\u00edtica de Privacidad. Podemos necesitar retener cierta informaci\u00f3n durante per\u00edodos m\u00e1s largos como registros\/informes de acuerdo con la ley aplicable o por otros motivos leg\u00edtimos como hacer cumplir los derechos legales, prevenci\u00f3n de fraudes, etc. La informaci\u00f3n residual an\u00f3nima y agregada, ninguna de las cuales te identifica (directamente o indirectamente), puede almacenarse indefinidamente.<\/p>\n    <\/li>\n    \n    <li>\n        <h2 class=\"privacy-policy-h2\">Tus Derechos:<\/h2>\n        <p class=\"privacy-policy-p\">Seg\u00fan la ley aplicable, puedes tener el derecho de acceder y rectificar o borrar tus datos personales o recibir una copia de tus datos personales, restringir u oponerte al procesamiento activo de tus datos, pedirnos que compartamos (portemos) tu informaci\u00f3n personal a otra entidad, retirar cualquier consentimiento que nos hayas proporcionado para procesar tus datos, el derecho a presentar una queja ante una autoridad estatutaria y otros derechos que puedan ser relevantes seg\u00fan las leyes aplicables. Para ejercer estos derechos, puedes escribirnos a info@esemanresa.com. Responderemos a tu solicitud de acuerdo con la ley aplicable.<\/p>\n        <p class=\"privacy-policy-p\">Ten en cuenta que si no nos permites recopilar o procesar la informaci\u00f3n personal requerida o retiras el consentimiento para procesarla para los prop\u00f3sitos requeridos, es posible que no puedas acceder o utilizar los servicios para los cuales se solicit\u00f3 tu informaci\u00f3n.<\/p>\n    <\/li>\n    <li>\n        <h2 class=\"privacy-policy-h2\">Cookies, Etc.<\/h2>\n        <p class=\"privacy-policy-p\">Para obtener m\u00e1s informaci\u00f3n sobre c\u00f3mo las utilizamos y tus opciones en relaci\u00f3n con estas tecnolog\u00edas de seguimiento, consulta nuestra <a href=\"esemanresa.com\">Pol\u00edtica de Cookies.<\/a><\/p>\n    <\/li>\n    \n    <li>\n        <h2 class=\"privacy-policy-h2\">Seguridad:<\/h2>\n        <p class=\"privacy-policy-p\">La seguridad de tu informaci\u00f3n es importante para nosotros y utilizaremos medidas de seguridad razonables para prevenir la p\u00e9rdida, mal uso o alteraci\u00f3n no autorizada de tu informaci\u00f3n bajo nuestro control. No obstante, dados los riesgos inherentes, no podemos garantizar una seguridad absoluta y, consecuentemente, no podemos asegurar ni garantizar la seguridad de ninguna informaci\u00f3n que nos transmitas y lo haces bajo tu propio riesgo.<\/p>\n    <\/li>\n\n    <li>\n        <h2 class=\"privacy-policy-h2\">Enlaces de Terceros y Uso de tu Informaci\u00f3n:<\/h2>\n        <p class=\"privacy-policy-p\">Nuestro Servicio puede contener enlaces a otros sitios web que no est\u00e1n operados por nosotros. Esta Pol\u00edtica de Privacidad no aborda la pol\u00edtica de privacidad ni otras pr\u00e1cticas de ning\u00fan tercero, incluido cualquier tercero que opere cualquier sitio web o servicio que pueda ser accesible a trav\u00e9s de un enlace en el Servicio. Te recomendamos que revises la pol\u00edtica de privacidad de cada sitio que visites. No tenemos ning\u00fan control ni asumimos ninguna responsabilidad por el contenido, las pol\u00edticas de privacidad o las pr\u00e1cticas de ning\u00fan sitio de terceros o servicios.<\/p>\n    <\/li>\n    \n    <li>\n        <h2 class=\"privacy-policy-h2\">Responsable de Reclamaciones \/ Protecci\u00f3n de Datos:<\/h2>\n        <p class=\"privacy-policy-p\">Si tienes alguna consulta o preocupaci\u00f3n sobre el procesamiento de tu informaci\u00f3n que tenemos disponible, puedes enviar un correo electr\u00f3nico a nuestro Responsable de Reclamaciones a EVOSERVICE ELECTRIC MANRESA SL, CALLE MATERNITAT D' ELNA, 21, P BJ.  MANRESA, correo electr\u00f3nico: info@esemanresa.com. Abordaremos tus preocupaciones de acuerdo con la ley aplicable.<\/p>\n    <\/li>\n<\/ol>\n<p class=\"privacy-policy-p\">Pol\u00edtica de Privacidad generada con <a target=\"_blank\" href=\"https:\/\/www.cookieyes.com\/?utm_source=PP&amp;utm_medium=footer&amp;utm_campaign=UW\" rel=\"noopener\">CookieYes<\/a>.<\/p>\n\n","protected":false},"excerpt":{"rendered":"<p>\u00daltima actualizaci\u00f3n: 11-Jun-2024Fecha de entrada en vigor: 11-Jun-2024 Esta Pol\u00edtica de Privacidad describe las pol\u00edticas de EVOSERVICE ELECTRIC MANRESA SL, CALLE MATERNITAT D' ELNA, 21, P BJ. MANRESA, Barcelona 08243, Espa\u00f1a, correo electr\u00f3nico: info@esemanresa.com, tel\u00e9fono: + 34617388 356 sobre la recopilaci\u00f3n, uso y divulgaci\u00f3n de tu informaci\u00f3n que recopilamos cuando utilizas nuestro sitio web (esemanresa.com). [&hellip;]<\/p>\n","protected":false},"author":1,"featured_media":0,"parent":0,"menu_order":0,"comment_status":"closed","ping_status":"open","template":"","meta":{"_acf_changed":false,"footnotes":""},"class_list":["post-551","page","type-page","status-publish","hentry"],"acf":[],"_links":{"self":[{"href":"https:\/\/esemanresa.com\/es\/wp-json\/wp\/v2\/pages\/551","targetHints":{"allow":["GET"]}}],"collection":[{"href":"https:\/\/esemanresa.com\/es\/wp-json\/wp\/v2\/pages"}],"about":[{"href":"https:\/\/esemanresa.com\/es\/wp-json\/wp\/v2\/types\/page"}],"author":[{"embeddable":true,"href":"https:\/\/esemanresa.com\/es\/wp-json\/wp\/v2\/users\/1"}],"replies":[{"embeddable":true,"href":"https:\/\/esemanresa.com\/es\/wp-json\/wp\/v2\/comments?post=551"}],"version-history":[{"count":1,"href":"https:\/\/esemanresa.com\/es\/wp-json\/wp\/v2\/pages\/551\/revisions"}],"predecessor-version":[{"id":553,"href":"https:\/\/esemanresa.com\/es\/wp-json\/wp\/v2\/pages\/551\/revisions\/553"}],"wp:attachment":[{"href":"https:\/\/esemanresa.com\/es\/wp-json\/wp\/v2\/media?parent=551"}],"curies":[{"name":"wp","href":"https:\/\/api.w.org\/{rel}","templated":true}]}}