{"id":558,"date":"2024-03-27T14:21:07","date_gmt":"2024-03-27T13:21:07","guid":{"rendered":"https:\/\/esemanresa.com\/preguntes-frequents\/"},"modified":"2024-10-21T18:24:35","modified_gmt":"2024-10-21T16:24:35","slug":"preguntas-frecuentes","status":"publish","type":"page","link":"https:\/\/esemanresa.com\/es\/preguntas-frecuentes\/","title":{"rendered":"Preguntas Frecuentes"},"content":{"rendered":"<section class=\"ct-section section-py-sm\">\n<div class=\"ct-section-inner-wrap text-center centered\"><h2 class=\"ct-headline mx-auto color-paragraph text-4xl md-text-3-5xl fade-in\">\tPreguntas Frecuentes<\/h1>\n\t<!-- Subt\u00edtulo do bloco-->\n\t<p class=\"mx-auto text-center mb-12 font-medium color-paragraph w-2by3 md-w-full fade-in\">\n\t\t\t<\/p>\n\t<!--Fim do subt\u00edtulo-->\n\t<div class=\"w-full mx-auto\">\n\t\t\t\t<div class=\"border-b p-8 border-color scale-up bg-alt fade-in\">\n\t\t\t\t\t<button id=\"_toggle-1-1\"class=\"oxy-toggle toggle-0555 w-full bg-alt border-none toggle-0555-expanded\" role=\"button\" data-oxy-toggle-initial-state=\"closed\" data-oxy-toggle-active-class=\"toggle-0555-expanded\">\n\t\t\t\t\t\t<div class=\"oxy-toggle-content text-left\">\n\t\t\t\t\t\t\t<h3 class=\"color-primary ct-headline text-xl font-bold\">\u00bfQu\u00e9 experiencia tiene EvoService en el sector ganadero?<\/h2>\n\t\t\t\t\t\t<\/div>\n\t\t\t\t\t\t<div class=\"toggle-expand-collapse-icon oxy-eci-collapsed color-primary\" href=\"#\">\n\t\t\t\t\t\t\t<svg xmlns=\"http:\/\/www.w3.org\/2000\/svg\" role=\"presentation\" width=\"16\" height=\"10\" viewBox=\"0 0 16 10\" fill=\"none\">\n\t\t\t\t\t\t\t<path d=\"M15 1L8 8L1 0.999999\" stroke=\"rgba(146, 28, 98, 1)\" stroke-width=\"2\"\/>\n\t\t\t\t\t\t\t<\/svg>\n\t\t\t\t\t\t<\/div>\n\t\t\t\t\t<\/button>\n\t\t\t\t<div class=\"ct-text-block text-toggle font-medium text-base text-left color-paragraph paragraph-w-link\"  >\n<p>EvoService acumula a\u00f1os de experiencia y un profundo conocimiento en el sector ganadero, especialmente en granjas av\u00edcolas y porcinas. Nuestra experiencia abarca desde la instalaci\u00f3n de sistemas de ventilaci\u00f3n y refrigeraci\u00f3n hasta la implementaci\u00f3n de soluciones de dom\u00f3tica y automatismos espec\u00edficos para la alimentaci\u00f3n.<\/p>\n<\/div>\n\t\t\t\t<\/div>\n\t<\/div>\n\t<\/div>\n<\/section>\n","protected":false},"excerpt":{"rendered":"","protected":false},"author":2,"featured_media":0,"parent":0,"menu_order":0,"comment_status":"closed","ping_status":"closed","template":"","meta":{"_acf_changed":false,"footnotes":""},"class_list":["post-558","page","type-page","status-publish","hentry"],"acf":[],"_links":{"self":[{"href":"https:\/\/esemanresa.com\/es\/wp-json\/wp\/v2\/pages\/558","targetHints":{"allow":["GET"]}}],"collection":[{"href":"https:\/\/esemanresa.com\/es\/wp-json\/wp\/v2\/pages"}],"about":[{"href":"https:\/\/esemanresa.com\/es\/wp-json\/wp\/v2\/types\/page"}],"author":[{"embeddable":true,"href":"https:\/\/esemanresa.com\/es\/wp-json\/wp\/v2\/users\/2"}],"replies":[{"embeddable":true,"href":"https:\/\/esemanresa.com\/es\/wp-json\/wp\/v2\/comments?post=558"}],"version-history":[{"count":1,"href":"https:\/\/esemanresa.com\/es\/wp-json\/wp\/v2\/pages\/558\/revisions"}],"predecessor-version":[{"id":560,"href":"https:\/\/esemanresa.com\/es\/wp-json\/wp\/v2\/pages\/558\/revisions\/560"}],"wp:attachment":[{"href":"https:\/\/esemanresa.com\/es\/wp-json\/wp\/v2\/media?parent=558"}],"curies":[{"name":"wp","href":"https:\/\/api.w.org\/{rel}","templated":true}]}}